{"id":1713,"date":"2024-05-09T21:26:39","date_gmt":"2024-05-09T21:26:39","guid":{"rendered":"https:\/\/pinelodge.ottawavalleymedia.ca\/?page_id=1713"},"modified":"2024-06-07T10:38:09","modified_gmt":"2024-06-07T10:38:09","slug":"cabane-a-sucre","status":"publish","type":"page","link":"https:\/\/pinelodge.ottawavalleymedia.ca\/fr\/cabane-a-sucre","title":{"rendered":"Cabane \u00e0 sucre"},"content":{"rendered":"\t\t<div data-elementor-type=\"wp-page\" data-elementor-id=\"1713\" class=\"elementor elementor-1713 elementor-241\" data-elementor-post-type=\"page\">\n\t\t\t\t<div class=\"elementor-element elementor-element-9a1aa8e e-con-full e-flex e-con e-parent\" data-id=\"9a1aa8e\" data-element_type=\"container\" data-e-type=\"container\">\n\t\t<div class=\"elementor-element elementor-element-cf910ca e-con-full e-flex e-con e-child\" data-id=\"cf910ca\" data-element_type=\"container\" data-e-type=\"container\">\n\t\t\t\t<div class=\"elementor-element elementor-element-fda5b50 elementor-widget__width-inherit elementor-widget elementor-widget-text-editor\" data-id=\"fda5b50\" data-element_type=\"widget\" data-e-type=\"widget\" data-widget_type=\"text-editor.default\">\n\t\t\t\t<div class=\"elementor-widget-container\">\n\t\t\t\t\t\t\t\t\t<h2>Laissez-vous tenter par notre authentique brunch de cabane \u00e0 sucre, compos\u00e9 de d\u00e9licieux plats traditionnels tels que des \u0153ufs brouill\u00e9s, du jambon, du bacon, des saucisses, des cr\u00eapes, du pain perdu, des pommes de terre rissol\u00e9es, des f\u00e8ves au lard, de la tourte \u00e0 la viande, du pain maison, de la soupe aux pois, des desserts et des p\u00e2tisseries fra\u00eechement pr\u00e9par\u00e9s, ainsi que du jus, du caf\u00e9 et du th\u00e9.\u00a0<\/h2>\t\t\t\t\t\t\t\t<\/div>\n\t\t\t\t<\/div>\n\t\t\t\t<div class=\"elementor-element elementor-element-c8cae74 elementor-align-center elementor-widget elementor-widget-button\" data-id=\"c8cae74\" data-element_type=\"widget\" data-e-type=\"widget\" data-widget_type=\"button.default\">\n\t\t\t\t<div class=\"elementor-widget-container\">\n\t\t\t\t\t\t\t\t\t<div class=\"elementor-button-wrapper\">\n\t\t\t\t\t<a class=\"elementor-button elementor-button-link elementor-size-sm\" href=\"https:\/\/pinelodge.ottawavalleymedia.ca\/contact\/\">\n\t\t\t\t\t\t<span class=\"elementor-button-content-wrapper\">\n\t\t\t\t\t\t\t\t\t<span class=\"elementor-button-text\">R\u00c9SERVEZ MAINTENANT<\/span>\n\t\t\t\t\t<\/span>\n\t\t\t\t\t<\/a>\n\t\t\t\t<\/div>\n\t\t\t\t\t\t\t\t<\/div>\n\t\t\t\t<\/div>\n\t\t\t\t<\/div>\n\t\t<div class=\"elementor-element elementor-element-9cd2439 e-con-full e-flex e-con e-child\" data-id=\"9cd2439\" data-element_type=\"container\" data-e-type=\"container\" data-settings=\"{&quot;background_background&quot;:&quot;classic&quot;}\">\n\t\t\t\t<\/div>\n\t\t\t\t<\/div>\n\t\t<div class=\"elementor-element elementor-element-73c7f65 e-con-full e-flex e-con e-parent\" data-id=\"73c7f65\" data-element_type=\"container\" data-e-type=\"container\">\n\t\t<div class=\"elementor-element elementor-element-00f7546 e-con-full e-flex e-con e-child\" data-id=\"00f7546\" data-element_type=\"container\" data-e-type=\"container\">\n\t\t\t\t<div class=\"elementor-element elementor-element-f0bf130 elementor-widget__width-inherit elementor-widget elementor-widget-text-editor\" data-id=\"f0bf130\" data-element_type=\"widget\" data-e-type=\"widget\" data-widget_type=\"text-editor.default\">\n\t\t\t\t<div class=\"elementor-widget-container\">\n\t\t\t\t\t\t\t\t\t<h2>Vivez l&rsquo;aventure la plus douce de la saison &#8211; r\u00e9servez d\u00e8s maintenant votre table pour un petit-d\u00e9jeuner traditionnel, profitez d&rsquo;une promenade en chariot, explorez notre \u00e9rabli\u00e8re, assistez \u00e0 la magie de la production de sirop d&rsquo;\u00e9rable et terminez votre journ\u00e9e au coin du feu tout en savourant le go\u00fbt de la tire fra\u00eeche.\u00a0<\/h2>\t\t\t\t\t\t\t\t<\/div>\n\t\t\t\t<\/div>\n\t\t\t\t<div class=\"elementor-element elementor-element-9662f8c elementor-align-center elementor-widget elementor-widget-button\" data-id=\"9662f8c\" data-element_type=\"widget\" data-e-type=\"widget\" data-widget_type=\"button.default\">\n\t\t\t\t<div class=\"elementor-widget-container\">\n\t\t\t\t\t\t\t\t\t<div class=\"elementor-button-wrapper\">\n\t\t\t\t\t<a class=\"elementor-button elementor-button-link elementor-size-sm\" href=\"https:\/\/pinelodge.ottawavalleymedia.ca\/contact\/\">\n\t\t\t\t\t\t<span class=\"elementor-button-content-wrapper\">\n\t\t\t\t\t\t\t\t\t<span class=\"elementor-button-text\">R\u00c9SERVEZ MAINTENANT<\/span>\n\t\t\t\t\t<\/span>\n\t\t\t\t\t<\/a>\n\t\t\t\t<\/div>\n\t\t\t\t\t\t\t\t<\/div>\n\t\t\t\t<\/div>\n\t\t\t\t<\/div>\n\t\t<div class=\"elementor-element elementor-element-225ee88 e-con-full e-flex e-con e-child\" data-id=\"225ee88\" data-element_type=\"container\" data-e-type=\"container\" data-settings=\"{&quot;background_background&quot;:&quot;classic&quot;}\">\n\t\t\t\t<\/div>\n\t\t\t\t<\/div>\n\t\t<div class=\"elementor-element elementor-element-51b8405 e-con-full e-flex e-con e-parent\" data-id=\"51b8405\" data-element_type=\"container\" data-e-type=\"container\">\n\t\t<div class=\"elementor-element elementor-element-0ec8b9d e-con-full e-flex e-con e-child\" data-id=\"0ec8b9d\" data-element_type=\"container\" data-e-type=\"container\">\n\t\t\t\t<div class=\"elementor-element elementor-element-f7a03b5 elementor-widget__width-inherit elementor-widget elementor-widget-text-editor\" data-id=\"f7a03b5\" data-element_type=\"widget\" data-e-type=\"widget\" data-widget_type=\"text-editor.default\">\n\t\t\t\t<div class=\"elementor-widget-container\">\n\t\t\t\t\t\t\t\t\t<h2>Laissez-vous s\u00e9duire par le go\u00fbt sucr\u00e9 de la tradition et la riche histoire du sirop d&rsquo;\u00e9rable gr\u00e2ce \u00e0 notre exp\u00e9rience authentique de la cabane \u00e0 sucre au Qu\u00e9bec.\u00a0<\/h2>\t\t\t\t\t\t\t\t<\/div>\n\t\t\t\t<\/div>\n\t\t\t\t<div class=\"elementor-element elementor-element-3a3b0f8 elementor-align-center elementor-widget elementor-widget-button\" data-id=\"3a3b0f8\" data-element_type=\"widget\" data-e-type=\"widget\" data-widget_type=\"button.default\">\n\t\t\t\t<div class=\"elementor-widget-container\">\n\t\t\t\t\t\t\t\t\t<div class=\"elementor-button-wrapper\">\n\t\t\t\t\t<a class=\"elementor-button elementor-button-link elementor-size-sm\" href=\"https:\/\/pinelodge.ottawavalleymedia.ca\/contact\/\">\n\t\t\t\t\t\t<span class=\"elementor-button-content-wrapper\">\n\t\t\t\t\t\t\t\t\t<span class=\"elementor-button-text\">R\u00c9SERVEZ MAINTENANT<\/span>\n\t\t\t\t\t<\/span>\n\t\t\t\t\t<\/a>\n\t\t\t\t<\/div>\n\t\t\t\t\t\t\t\t<\/div>\n\t\t\t\t<\/div>\n\t\t\t\t<\/div>\n\t\t<div class=\"elementor-element elementor-element-cee0ea0 e-con-full e-flex e-con e-child\" data-id=\"cee0ea0\" data-element_type=\"container\" data-e-type=\"container\" data-settings=\"{&quot;background_background&quot;:&quot;classic&quot;}\">\n\t\t\t\t<\/div>\n\t\t\t\t<\/div>\n\t\t<div class=\"elementor-element elementor-element-5b31034 e-con-full e-flex e-con e-parent\" data-id=\"5b31034\" data-element_type=\"container\" data-e-type=\"container\">\n\t\t<div class=\"elementor-element elementor-element-9663ec7 e-con-full e-flex e-con e-child\" data-id=\"9663ec7\" data-element_type=\"container\" data-e-type=\"container\">\n\t\t\t\t<div class=\"elementor-element elementor-element-ed232c4 elementor-widget__width-inherit elementor-widget elementor-widget-text-editor\" data-id=\"ed232c4\" data-element_type=\"widget\" data-e-type=\"widget\" data-widget_type=\"text-editor.default\">\n\t\t\t\t<div class=\"elementor-widget-container\">\n\t\t\t\t\t\t\t\t\t<h2>Entrez dans notre cabane \u00e0 sucre, o\u00f9 la tradition rencontre le d\u00e9veloppement durable &#8211; construite en 2021 avec des poutres en bois provenant de notre propri\u00e9t\u00e9, nous exploiterons 1 000 arbres. Un peu plus de 200 seaux et 800 robinets sur un pipeline \u00e0 vide \u00e9lev\u00e9 pour recueillir environ 60 000 litres de s\u00e8ve chaque saison, avec l&rsquo;espoir de produire 1 000 litres de sirop de premi\u00e8re qualit\u00e9, dont la majeure partie est utilis\u00e9e dans notre restaurant et \u00e9galement disponible \u00e0 l&rsquo;achat dans une vari\u00e9t\u00e9 de tailles de bouteilles.\u00a0<\/h2>\t\t\t\t\t\t\t\t<\/div>\n\t\t\t\t<\/div>\n\t\t\t\t<div class=\"elementor-element elementor-element-898a13e elementor-align-center elementor-widget elementor-widget-button\" data-id=\"898a13e\" data-element_type=\"widget\" data-e-type=\"widget\" data-widget_type=\"button.default\">\n\t\t\t\t<div class=\"elementor-widget-container\">\n\t\t\t\t\t\t\t\t\t<div class=\"elementor-button-wrapper\">\n\t\t\t\t\t<a class=\"elementor-button elementor-button-link elementor-size-sm\" href=\"https:\/\/pinelodge.ottawavalleymedia.ca\/contact\/\">\n\t\t\t\t\t\t<span class=\"elementor-button-content-wrapper\">\n\t\t\t\t\t\t\t\t\t<span class=\"elementor-button-text\">R\u00c9SERVEZ MAINTENANT<\/span>\n\t\t\t\t\t<\/span>\n\t\t\t\t\t<\/a>\n\t\t\t\t<\/div>\n\t\t\t\t\t\t\t\t<\/div>\n\t\t\t\t<\/div>\n\t\t\t\t<\/div>\n\t\t<div class=\"elementor-element elementor-element-1fe9b0f e-con-full e-flex e-con e-child\" data-id=\"1fe9b0f\" data-element_type=\"container\" data-e-type=\"container\" data-settings=\"{&quot;background_background&quot;:&quot;classic&quot;}\">\n\t\t\t\t<\/div>\n\t\t\t\t<\/div>\n\t\t<div class=\"elementor-element elementor-element-e567ae3 e-con-full e-flex e-con e-parent\" data-id=\"e567ae3\" data-element_type=\"container\" data-e-type=\"container\">\n\t\t<div class=\"elementor-element elementor-element-aad51df e-con-full e-flex e-con e-child\" data-id=\"aad51df\" data-element_type=\"container\" data-e-type=\"container\">\n\t\t\t\t<div class=\"elementor-element elementor-element-ef592b4 elementor-widget__width-inherit elementor-widget elementor-widget-text-editor\" data-id=\"ef592b4\" data-element_type=\"widget\" data-e-type=\"widget\" data-widget_type=\"text-editor.default\">\n\t\t\t\t<div class=\"elementor-widget-container\">\n\t\t\t\t\t\t\t\t\t<h2>D\u00e9tails de la cabane \u00e0 sucre<\/h2><h4>Heures<\/h4><p>Ouverture le 9 mars 2024<\/p><p>Samedi &amp; dimanche &#8211; 10 h \u00e0 15 h<\/p><p>\u00a0<\/p><h4>L&rsquo;exp\u00e9rience<\/h4><p>Petit-d\u00e9jeuner, promenades en chariot, sentiers de randonn\u00e9e, tire sur la neige, bases du sirop, visite de la cabane, foyers, places assises en plein air, activit\u00e9s hivernales (si le temps le permet)<\/p><p>\u00a0<\/p><h4>Prix (plus taxes et frais)<\/h4><p>Adultes 30 $<\/p><p>Enfants (6 &#8211; 12) 15 $<\/p><p>Enfants (2 &#8211; 5) 9.95 $<\/p><p>Enfants (moins de 2 ans) gratuits<\/p><p>17 mars &amp; 24 mars &#8211; Frais suppl\u00e9mentaires de 5 $ pour les promenades en tra\u00eeneau\/chariot tir\u00e9 par des chevaux<\/p><p>\u00a0<\/p><h4>Groupes<\/h4><p>Pour les groupes de 25 personnes ou plus, veuillez nous contacter directement pour conna\u00eetre les disponibilit\u00e9s suppl\u00e9mentaires\u00a0<\/p>\t\t\t\t\t\t\t\t<\/div>\n\t\t\t\t<\/div>\n\t\t\t\t<div class=\"elementor-element elementor-element-efa6615 elementor-align-center elementor-widget elementor-widget-button\" data-id=\"efa6615\" data-element_type=\"widget\" data-e-type=\"widget\" data-widget_type=\"button.default\">\n\t\t\t\t<div class=\"elementor-widget-container\">\n\t\t\t\t\t\t\t\t\t<div class=\"elementor-button-wrapper\">\n\t\t\t\t\t<a class=\"elementor-button elementor-button-link elementor-size-sm\" href=\"https:\/\/pinelodge.ottawavalleymedia.ca\/contact\/\">\n\t\t\t\t\t\t<span class=\"elementor-button-content-wrapper\">\n\t\t\t\t\t\t\t\t\t<span class=\"elementor-button-text\">R\u00c9SERVEZ MAINTENANT<\/span>\n\t\t\t\t\t<\/span>\n\t\t\t\t\t<\/a>\n\t\t\t\t<\/div>\n\t\t\t\t\t\t\t\t<\/div>\n\t\t\t\t<\/div>\n\t\t\t\t<\/div>\n\t\t<div class=\"elementor-element elementor-element-37eed86 e-con-full e-flex e-con e-child\" data-id=\"37eed86\" data-element_type=\"container\" data-e-type=\"container\" data-settings=\"{&quot;background_background&quot;:&quot;classic&quot;}\">\n\t\t\t\t<\/div>\n\t\t\t\t<\/div>\n\t\t\t\t<\/div>\n\t\t","protected":false},"excerpt":{"rendered":"<p>Laissez-vous tenter par notre authentique brunch de cabane \u00e0 sucre, compos\u00e9 de d\u00e9licieux plats traditionnels tels que des \u0153ufs brouill\u00e9s, du jambon, du bacon, des saucisses, des cr\u00eapes, du pain perdu, des pommes de terre rissol\u00e9es, des f\u00e8ves au lard, de la tourte \u00e0 la viande, du pain maison, de la soupe aux pois, des [&hellip;]<\/p>\n","protected":false},"author":1,"featured_media":0,"parent":0,"menu_order":0,"comment_status":"closed","ping_status":"closed","template":"","meta":{"footnotes":""},"class_list":["post-1713","page","type-page","status-publish","hentry"],"_links":{"self":[{"href":"https:\/\/pinelodge.ottawavalleymedia.ca\/fr\/wp-json\/wp\/v2\/pages\/1713","targetHints":{"allow":["GET"]}}],"collection":[{"href":"https:\/\/pinelodge.ottawavalleymedia.ca\/fr\/wp-json\/wp\/v2\/pages"}],"about":[{"href":"https:\/\/pinelodge.ottawavalleymedia.ca\/fr\/wp-json\/wp\/v2\/types\/page"}],"author":[{"embeddable":true,"href":"https:\/\/pinelodge.ottawavalleymedia.ca\/fr\/wp-json\/wp\/v2\/users\/1"}],"replies":[{"embeddable":true,"href":"https:\/\/pinelodge.ottawavalleymedia.ca\/fr\/wp-json\/wp\/v2\/comments?post=1713"}],"version-history":[{"count":10,"href":"https:\/\/pinelodge.ottawavalleymedia.ca\/fr\/wp-json\/wp\/v2\/pages\/1713\/revisions"}],"predecessor-version":[{"id":1724,"href":"https:\/\/pinelodge.ottawavalleymedia.ca\/fr\/wp-json\/wp\/v2\/pages\/1713\/revisions\/1724"}],"wp:attachment":[{"href":"https:\/\/pinelodge.ottawavalleymedia.ca\/fr\/wp-json\/wp\/v2\/media?parent=1713"}],"curies":[{"name":"wp","href":"https:\/\/api.w.org\/{rel}","templated":true}]}}