{"id":1678,"date":"2024-05-09T21:27:48","date_gmt":"2024-05-09T21:27:48","guid":{"rendered":"https:\/\/pinelodge.ottawavalleymedia.ca\/?page_id=1678"},"modified":"2024-06-07T09:25:39","modified_gmt":"2024-06-07T09:25:39","slug":"terrain-de-camping-saisonnier","status":"publish","type":"page","link":"https:\/\/pinelodge.ottawavalleymedia.ca\/fr\/terrain-de-camping-saisonnier","title":{"rendered":"Terrain de camping saisonnier"},"content":{"rendered":"\t\t<div data-elementor-type=\"wp-page\" data-elementor-id=\"1678\" class=\"elementor elementor-1678 elementor-291\" data-elementor-post-type=\"page\">\n\t\t\t\t<div class=\"elementor-element elementor-element-83fc3b2 e-con-full e-flex e-con e-parent\" data-id=\"83fc3b2\" data-element_type=\"container\" data-e-type=\"container\">\n\t\t\t\t<div class=\"elementor-element elementor-element-dbee730 elementor-widget__width-inherit elementor-widget elementor-widget-image\" data-id=\"dbee730\" data-element_type=\"widget\" data-e-type=\"widget\" data-widget_type=\"image.default\">\n\t\t\t\t<div class=\"elementor-widget-container\">\n\t\t\t\t\t\t\t\t\t\t\t\t\t\t\t<img fetchpriority=\"high\" decoding=\"async\" width=\"2560\" height=\"1920\" src=\"https:\/\/pinelodge.ottawavalleymedia.ca\/wp-content\/uploads\/2024\/05\/IMG_20161004_101042-scaled.jpg\" class=\"attachment-full size-full wp-image-1159\" alt=\"\" srcset=\"https:\/\/pinelodge.ottawavalleymedia.ca\/wp-content\/uploads\/2024\/05\/IMG_20161004_101042-scaled.jpg 2560w, https:\/\/pinelodge.ottawavalleymedia.ca\/wp-content\/uploads\/2024\/05\/IMG_20161004_101042-300x225.jpg 300w, https:\/\/pinelodge.ottawavalleymedia.ca\/wp-content\/uploads\/2024\/05\/IMG_20161004_101042-1024x768.jpg 1024w, https:\/\/pinelodge.ottawavalleymedia.ca\/wp-content\/uploads\/2024\/05\/IMG_20161004_101042-768x576.jpg 768w, https:\/\/pinelodge.ottawavalleymedia.ca\/wp-content\/uploads\/2024\/05\/IMG_20161004_101042-1536x1152.jpg 1536w, https:\/\/pinelodge.ottawavalleymedia.ca\/wp-content\/uploads\/2024\/05\/IMG_20161004_101042-2048x1536.jpg 2048w\" sizes=\"(max-width: 2560px) 100vw, 2560px\" \/>\t\t\t\t\t\t\t\t\t\t\t\t\t\t\t<\/div>\n\t\t\t\t<\/div>\n\t\t\t\t<\/div>\n\t\t<div class=\"elementor-element elementor-element-7480aa5 e-flex e-con-boxed e-con e-parent\" data-id=\"7480aa5\" data-element_type=\"container\" data-e-type=\"container\">\n\t\t\t\t\t<div class=\"e-con-inner\">\n\t\t\t\t<div class=\"elementor-element elementor-element-fd1f549 elementor-widget elementor-widget-heading\" data-id=\"fd1f549\" data-element_type=\"widget\" data-e-type=\"widget\" data-widget_type=\"heading.default\">\n\t\t\t\t<div class=\"elementor-widget-container\">\n\t\t\t\t\t<h1 class=\"elementor-heading-title elementor-size-default\">Terrain de camping saisonnier<\/h1>\t\t\t\t<\/div>\n\t\t\t\t<\/div>\n\t\t\t\t\t<\/div>\n\t\t\t\t<\/div>\n\t\t<div class=\"elementor-element elementor-element-18c5984 e-flex e-con-boxed e-con e-parent\" data-id=\"18c5984\" data-element_type=\"container\" data-e-type=\"container\">\n\t\t\t\t\t<div class=\"e-con-inner\">\n\t\t\t\t<div class=\"elementor-element elementor-element-b91bbd9 elementor-widget-divider--view-line elementor-widget elementor-widget-divider\" data-id=\"b91bbd9\" data-element_type=\"widget\" data-e-type=\"widget\" data-widget_type=\"divider.default\">\n\t\t\t\t<div class=\"elementor-widget-container\">\n\t\t\t\t\t\t\t<div class=\"elementor-divider\">\n\t\t\t<span class=\"elementor-divider-separator\">\n\t\t\t\t\t\t<\/span>\n\t\t<\/div>\n\t\t\t\t\t\t<\/div>\n\t\t\t\t<\/div>\n\t\t\t\t\t<\/div>\n\t\t\t\t<\/div>\n\t\t<div class=\"elementor-element elementor-element-cc483e3 e-flex e-con-boxed e-con e-parent\" data-id=\"cc483e3\" data-element_type=\"container\" data-e-type=\"container\">\n\t\t\t\t\t<div class=\"e-con-inner\">\n\t\t<div class=\"elementor-element elementor-element-836c5e6 e-con-full e-flex e-con e-child\" data-id=\"836c5e6\" data-element_type=\"container\" data-e-type=\"container\">\n\t\t\t\t<div class=\"elementor-element elementor-element-9a182da elementor-widget__width-initial elementor-widget elementor-widget-image\" data-id=\"9a182da\" data-element_type=\"widget\" data-e-type=\"widget\" data-widget_type=\"image.default\">\n\t\t\t\t<div class=\"elementor-widget-container\">\n\t\t\t\t\t\t\t\t\t\t\t\t\t\t\t<img decoding=\"async\" width=\"800\" height=\"530\" src=\"https:\/\/pinelodge.ottawavalleymedia.ca\/wp-content\/uploads\/2024\/05\/DSC_1321-1024x678.jpg\" class=\"attachment-large size-large wp-image-1283\" alt=\"\" srcset=\"https:\/\/pinelodge.ottawavalleymedia.ca\/wp-content\/uploads\/2024\/05\/DSC_1321-1024x678.jpg 1024w, https:\/\/pinelodge.ottawavalleymedia.ca\/wp-content\/uploads\/2024\/05\/DSC_1321-300x199.jpg 300w, https:\/\/pinelodge.ottawavalleymedia.ca\/wp-content\/uploads\/2024\/05\/DSC_1321-768x509.jpg 768w, https:\/\/pinelodge.ottawavalleymedia.ca\/wp-content\/uploads\/2024\/05\/DSC_1321-1536x1017.jpg 1536w, https:\/\/pinelodge.ottawavalleymedia.ca\/wp-content\/uploads\/2024\/05\/DSC_1321-2048x1356.jpg 2048w\" sizes=\"(max-width: 800px) 100vw, 800px\" \/>\t\t\t\t\t\t\t\t\t\t\t\t\t\t\t<\/div>\n\t\t\t\t<\/div>\n\t\t\t\t<\/div>\n\t\t<div class=\"elementor-element elementor-element-159eaa1 e-con-full e-flex e-con e-child\" data-id=\"159eaa1\" data-element_type=\"container\" data-e-type=\"container\">\n\t\t<div class=\"elementor-element elementor-element-206eb75 e-flex e-con-boxed e-con e-child\" data-id=\"206eb75\" data-element_type=\"container\" data-e-type=\"container\">\n\t\t\t\t\t<div class=\"e-con-inner\">\n\t\t\t\t<div class=\"elementor-element elementor-element-6d77deb elementor-widget elementor-widget-text-editor\" data-id=\"6d77deb\" data-element_type=\"widget\" data-e-type=\"widget\" data-widget_type=\"text-editor.default\">\n\t\t\t\t<div class=\"elementor-widget-container\">\n\t\t\t\t\t\t\t\t\t<div id=\"comp-in0rtjly\" class=\"HcOXKn SxM0TO QxJLC3 comp-in0rtjly wixui-rich-text\" data-testid=\"richTextElement\"><h3 class=\"font_3 wixui-rich-text__text\"><span class=\"wixui-rich-text__text\">Notre terrain de camping offre 90 lots saisonniers avec service complet<\/span><\/h3><div id=\"comp-in0rtjly\" class=\"HcOXKn SxM0TO QxJLC3 comp-in0rtjly wixui-rich-text\" data-testid=\"richTextElement\">\u00a0<\/div><div id=\"comp-in0rtjm31\" class=\"HcOXKn c9GqVL QxJLC3 comp-in0rtjm31 wixui-rich-text\" data-testid=\"richTextElement\">\u00a0<\/div><\/div>\t\t\t\t\t\t\t\t<\/div>\n\t\t\t\t<\/div>\n\t\t\t\t\t<\/div>\n\t\t\t\t<\/div>\n\t\t<div class=\"elementor-element elementor-element-288d84c e-flex e-con-boxed e-con e-child\" data-id=\"288d84c\" data-element_type=\"container\" data-e-type=\"container\">\n\t\t\t\t\t<div class=\"e-con-inner\">\n\t\t\t\t<div class=\"elementor-element elementor-element-b27b39e elementor-widget elementor-widget-text-editor\" data-id=\"b27b39e\" data-element_type=\"widget\" data-e-type=\"widget\" data-widget_type=\"text-editor.default\">\n\t\t\t\t<div class=\"elementor-widget-container\">\n\t\t\t\t\t\t\t\t\t<div id=\"comp-kfcxkjv0\" class=\"HcOXKn SxM0TO QxJLC3 comp-kfcxkjv0 wixui-rich-text\" data-testid=\"richTextElement\"><div id=\"comp-kfcxkjv0\" class=\"HcOXKn SxM0TO QxJLC3 comp-kfcxkjv0 wixui-rich-text\" data-testid=\"richTextElement\"><p class=\"font_7 wixui-rich-text__text\">D\u00e9tendez-vous avec vos amis et profitez de notre terrain de camping familial. Que vous souhaitiez vous asseoir et vous d\u00e9tendre sur votre site, que vous pr\u00e9f\u00e9riez obtenir un abonnement saisonnier au golf ou que vous profitiez de notre plage de sable blanc sur la rivi\u00e8re des Outaouais, vous tomberez sous le charme !<\/p><\/div><div id=\"comp-kfcybvfd\" class=\"HcOXKn SxM0TO QxJLC3 comp-kfcybvfd wixui-rich-text\" data-testid=\"richTextElement\"><p class=\"font_7 wixui-rich-text__text\">Nous sommes raisonnables et courtois et nous demandons \u00e0 nos locataires de l&rsquo;\u00eatre \u00e9galement. Nous essayons de limiter le nombre de r\u00e8gles et nous vous demandons de rester respectueux !<\/p><\/div><div id=\"comp-kfcy0zdx\" class=\"HcOXKn SxM0TO QxJLC3 comp-kfcy0zdx wixui-rich-text\" data-testid=\"richTextElement\"><p class=\"font_7 wixui-rich-text__text\">Nos tarifs saisonniers correspondent exactement \u00e0 ce que nous annon\u00e7ons. Vous ne payez qu&rsquo;une caution pour les visiteurs, vous payez votre propre \u00e9lectricit\u00e9, donc nous ne nous soucions pas si vous avez un r\u00e9frig\u00e9rateur suppl\u00e9mentaire ou des lumi\u00e8res ext\u00e9rieures. Vous payez ce que vous voyez !<\/p><\/div><\/div>\t\t\t\t\t\t\t\t<\/div>\n\t\t\t\t<\/div>\n\t\t\t\t\t<\/div>\n\t\t\t\t<\/div>\n\t\t\t\t<\/div>\n\t\t\t\t\t<\/div>\n\t\t\t\t<\/div>\n\t\t<div class=\"elementor-element elementor-element-eb2dba4 e-flex e-con-boxed e-con e-parent\" data-id=\"eb2dba4\" data-element_type=\"container\" data-e-type=\"container\">\n\t\t\t\t\t<div class=\"e-con-inner\">\n\t\t\t\t<div class=\"elementor-element elementor-element-05b427c elementor-widget elementor-widget-heading\" data-id=\"05b427c\" data-element_type=\"widget\" data-e-type=\"widget\" data-widget_type=\"heading.default\">\n\t\t\t\t<div class=\"elementor-widget-container\">\n\t\t\t\t\t<h2 class=\"elementor-heading-title elementor-size-default\">Taxes saisonni\u00e8res<\/h2>\t\t\t\t<\/div>\n\t\t\t\t<\/div>\n\t\t\t\t<div class=\"elementor-element elementor-element-7f9b4ce elementor-widget elementor-widget-text-editor\" data-id=\"7f9b4ce\" data-element_type=\"widget\" data-e-type=\"widget\" data-widget_type=\"text-editor.default\">\n\t\t\t\t<div class=\"elementor-widget-container\">\n\t\t\t\t\t\t\t\t\t<p class=\"font_7 wixui-rich-text__text\">Si vous \u00eates int\u00e9ress\u00e9, envoyez-nous un courriel avec les d\u00e9tails de votre caravane et nous conviendrons d&rsquo;un rendez-vous.<\/p>\t\t\t\t\t\t\t\t<\/div>\n\t\t\t\t<\/div>\n\t\t\t\t\t<\/div>\n\t\t\t\t<\/div>\n\t\t<div class=\"elementor-element elementor-element-242cc9b e-flex e-con-boxed e-con e-parent\" data-id=\"242cc9b\" data-element_type=\"container\" data-e-type=\"container\">\n\t\t\t\t\t<div class=\"e-con-inner\">\n\t\t\t\t<div class=\"elementor-element elementor-element-70f561a elementor-widget__width-initial elementor-widget elementor-widget-price-table\" data-id=\"70f561a\" data-element_type=\"widget\" data-e-type=\"widget\" data-widget_type=\"price-table.default\">\n\t\t\t\t<div class=\"elementor-widget-container\">\n\t\t\t\t\t\n\t\t<div class=\"elementor-price-table\">\n\t\t\t\t\t\t\t<div class=\"elementor-price-table__header\">\n\t\t\t\t\t\t\t\t\t\t\t<h3 class=\"elementor-price-table__heading\">\n\t\t\t\t\t\tSite de 30 amp\u00e8res\t\t\t\t\t\t<\/h3>\n\t\t\t\t\t\n\t\t\t\t\t\t\t\t\t<\/div>\n\t\t\t\n\t\t\t<div class=\"elementor-price-table__price\">\n\t\t\t\t\t\t\t\t<span class=\"elementor-price-table__currency\">&#036;<\/span>\t\t\t\t\t\t\t\t\t<span class=\"elementor-price-table__integer-part\">\n\t\t\t\t\t\t2500\t\t\t\t\t<\/span>\n\t\t\t\t\n\t\t\t\t\n\t\t\t\t\n\t\t\t\t\t\t\t<\/div>\n\n\t\t\t\t\t\t\t<ul class=\"elementor-price-table__features-list\">\n\t\t\t\t\t\t\t\t\t\t\t<li class=\"elementor-repeater-item-fe21fba\">\n\t\t\t\t\t\t\t<div class=\"elementor-price-table__feature-inner\">\n\t\t\t\t\t\t\t\t\t\t\t\t\t\t\t\t\t\t\t\t\t\t\t\t\t<span >\n\t\t\t\t\t\t\t\t\t\tTerrains de 1500 pieds carr\u00e9s\t\t\t\t\t\t\t\t\t<\/span>\n\t\t\t\t\t\t\t\t\t\t\t\t\t\t\t\t<\/div>\n\t\t\t\t\t\t<\/li>\n\t\t\t\t\t\t\t\t\t\t\t<li class=\"elementor-repeater-item-ea088cd\">\n\t\t\t\t\t\t\t<div class=\"elementor-price-table__feature-inner\">\n\t\t\t\t\t\t\t\t\t\t\t\t\t\t\t\t\t\t\t\t\t\t\t\t\t<span >\n\t\t\t\t\t\t\t\t\t\tDu 1er mai \u00e0 octobre\t\t\t\t\t\t\t\t\t<\/span>\n\t\t\t\t\t\t\t\t\t\t\t\t\t\t\t\t<\/div>\n\t\t\t\t\t\t<\/li>\n\t\t\t\t\t\t\t\t\t\t\t<li class=\"elementor-repeater-item-0a15770\">\n\t\t\t\t\t\t\t<div class=\"elementor-price-table__feature-inner\">\n\t\t\t\t\t\t\t\t\t\t\t\t\t\t\t\t\t\t\t\t\t\t\t\t\t<span >\n\t\t\t\t\t\t\t\t\t\tFrais d'\u00e9lectricit\u00e9 et d'activit\u00e9s s\u00e9par\u00e9s\t\t\t\t\t\t\t\t\t<\/span>\n\t\t\t\t\t\t\t\t\t\t\t\t\t\t\t\t<\/div>\n\t\t\t\t\t\t<\/li>\n\t\t\t\t\t\t\t\t\t<\/ul>\n\t\t\t\n\t\t\t\t\t\t\t<div class=\"elementor-price-table__footer\">\n\t\t\t\t\t\t\t\t\t\t\t<a class=\"elementor-price-table__button elementor-button elementor-size-sm\" href=\"https:\/\/pinelodge.ottawavalleymedia.ca\/contact\/\">\n\t\t\t\t\t\t\tR\u00e9server\t\t\t\t\t\t<\/a>\n\t\t\t\t\t\n\t\t\t\t\t\t\t\t\t<\/div>\n\t\t\t\t\t<\/div>\n\n\t\t\t\t\t\t<\/div>\n\t\t\t\t<\/div>\n\t\t\t\t<div class=\"elementor-element elementor-element-883801b elementor-widget__width-initial elementor-widget elementor-widget-price-table\" data-id=\"883801b\" data-element_type=\"widget\" data-e-type=\"widget\" data-widget_type=\"price-table.default\">\n\t\t\t\t<div class=\"elementor-widget-container\">\n\t\t\t\t\t\n\t\t<div class=\"elementor-price-table\">\n\t\t\t\t\t\t\t<div class=\"elementor-price-table__header\">\n\t\t\t\t\t\t\t\t\t\t\t<h3 class=\"elementor-price-table__heading\">\n\t\t\t\t\t\tSite de 30 amp\u00e8res pour 6 mois\t\t\t\t\t\t<\/h3>\n\t\t\t\t\t\n\t\t\t\t\t\t\t\t\t<\/div>\n\t\t\t\n\t\t\t<div class=\"elementor-price-table__price\">\n\t\t\t\t\t\t\t\t<span class=\"elementor-price-table__currency\">&#036;<\/span>\t\t\t\t\t\t\t\t\t<span class=\"elementor-price-table__integer-part\">\n\t\t\t\t\t\t2500\t\t\t\t\t<\/span>\n\t\t\t\t\n\t\t\t\t\n\t\t\t\t\n\t\t\t\t\t\t\t<\/div>\n\n\t\t\t\t\t\t\t<ul class=\"elementor-price-table__features-list\">\n\t\t\t\t\t\t\t\t\t\t\t<li class=\"elementor-repeater-item-fe21fba\">\n\t\t\t\t\t\t\t<div class=\"elementor-price-table__feature-inner\">\n\t\t\t\t\t\t\t\t\t\t\t\t\t\t\t\t\t\t\t\t\t\t\t\t\t<span >\n\t\t\t\t\t\t\t\t\t\tTerrains de 1500 pieds carr\u00e9s\t\t\t\t\t\t\t\t\t<\/span>\n\t\t\t\t\t\t\t\t\t\t\t\t\t\t\t\t<\/div>\n\t\t\t\t\t\t<\/li>\n\t\t\t\t\t\t\t\t\t\t\t<li class=\"elementor-repeater-item-ea088cd\">\n\t\t\t\t\t\t\t<div class=\"elementor-price-table__feature-inner\">\n\t\t\t\t\t\t\t\t\t\t\t\t\t\t\t\t\t\t\t\t\t\t\t\t\t<span >\n\t\t\t\t\t\t\t\t\t\tDu 1er mai \u00e0 octobre\t\t\t\t\t\t\t\t\t<\/span>\n\t\t\t\t\t\t\t\t\t\t\t\t\t\t\t\t<\/div>\n\t\t\t\t\t\t<\/li>\n\t\t\t\t\t\t\t\t\t\t\t<li class=\"elementor-repeater-item-0a15770\">\n\t\t\t\t\t\t\t<div class=\"elementor-price-table__feature-inner\">\n\t\t\t\t\t\t\t\t\t\t\t\t\t\t\t\t\t\t\t\t\t\t\t\t\t<span >\n\t\t\t\t\t\t\t\t\t\tFrais d'\u00e9lectricit\u00e9 et d'activit\u00e9s s\u00e9par\u00e9s\t\t\t\t\t\t\t\t\t<\/span>\n\t\t\t\t\t\t\t\t\t\t\t\t\t\t\t\t<\/div>\n\t\t\t\t\t\t<\/li>\n\t\t\t\t\t\t\t\t\t<\/ul>\n\t\t\t\n\t\t\t\t\t\t\t<div class=\"elementor-price-table__footer\">\n\t\t\t\t\t\t\t\t\t\t\t<a class=\"elementor-price-table__button elementor-button elementor-size-sm\" href=\"https:\/\/pinelodge.ottawavalleymedia.ca\/contact\/\">\n\t\t\t\t\t\t\tR\u00e9server\t\t\t\t\t\t<\/a>\n\t\t\t\t\t\n\t\t\t\t\t\t\t\t\t<\/div>\n\t\t\t\t\t<\/div>\n\n\t\t\t\t\t\t<\/div>\n\t\t\t\t<\/div>\n\t\t\t\t<div class=\"elementor-element elementor-element-c0204c7 elementor-widget__width-initial elementor-widget elementor-widget-price-table\" data-id=\"c0204c7\" data-element_type=\"widget\" data-e-type=\"widget\" data-widget_type=\"price-table.default\">\n\t\t\t\t<div class=\"elementor-widget-container\">\n\t\t\t\t\t\n\t\t<div class=\"elementor-price-table\">\n\t\t\t\t\t\t\t<div class=\"elementor-price-table__header\">\n\t\t\t\t\t\t\t\t\t\t\t<h3 class=\"elementor-price-table__heading\">\n\t\t\t\t\t\t30 - 50 amp\u00e8res prime 6 mois\t\t\t\t\t\t<\/h3>\n\t\t\t\t\t\n\t\t\t\t\t\t\t\t\t<\/div>\n\t\t\t\n\t\t\t<div class=\"elementor-price-table__price\">\n\t\t\t\t\t\t\t\t<span class=\"elementor-price-table__currency\">&#036;<\/span>\t\t\t\t\t\t\t\t\t<span class=\"elementor-price-table__integer-part\">\n\t\t\t\t\t\t3000\t\t\t\t\t<\/span>\n\t\t\t\t\n\t\t\t\t\n\t\t\t\t\n\t\t\t\t\t\t\t<\/div>\n\n\t\t\t\t\t\t\t<ul class=\"elementor-price-table__features-list\">\n\t\t\t\t\t\t\t\t\t\t\t<li class=\"elementor-repeater-item-fe21fba\">\n\t\t\t\t\t\t\t<div class=\"elementor-price-table__feature-inner\">\n\t\t\t\t\t\t\t\t\t\t\t\t\t\t\t\t\t\t\t\t\t\t\t\t\t<span >\n\t\t\t\t\t\t\t\t\t\tTerrains de 2800 pieds carr\u00e9s\t\t\t\t\t\t\t\t\t<\/span>\n\t\t\t\t\t\t\t\t\t\t\t\t\t\t\t\t<\/div>\n\t\t\t\t\t\t<\/li>\n\t\t\t\t\t\t\t\t\t\t\t<li class=\"elementor-repeater-item-ea088cd\">\n\t\t\t\t\t\t\t<div class=\"elementor-price-table__feature-inner\">\n\t\t\t\t\t\t\t\t\t\t\t\t\t\t\t\t\t\t\t\t\t\t\t\t\t<span >\n\t\t\t\t\t\t\t\t\t\tDu 1er mai \u00e0 septembre\t\t\t\t\t\t\t\t\t<\/span>\n\t\t\t\t\t\t\t\t\t\t\t\t\t\t\t\t<\/div>\n\t\t\t\t\t\t<\/li>\n\t\t\t\t\t\t\t\t\t\t\t<li class=\"elementor-repeater-item-0a15770\">\n\t\t\t\t\t\t\t<div class=\"elementor-price-table__feature-inner\">\n\t\t\t\t\t\t\t\t\t\t\t\t\t\t\t\t\t\t\t\t\t\t\t\t\t<span >\n\t\t\t\t\t\t\t\t\t\tFrais d'\u00e9lectricit\u00e9 et d'activit\u00e9s s\u00e9par\u00e9s\t\t\t\t\t\t\t\t\t<\/span>\n\t\t\t\t\t\t\t\t\t\t\t\t\t\t\t\t<\/div>\n\t\t\t\t\t\t<\/li>\n\t\t\t\t\t\t\t\t\t<\/ul>\n\t\t\t\n\t\t\t\t\t\t\t<div class=\"elementor-price-table__footer\">\n\t\t\t\t\t\t\t\t\t\t\t<a class=\"elementor-price-table__button elementor-button elementor-size-sm\" href=\"https:\/\/pinelodge.ottawavalleymedia.ca\/contact\/\">\n\t\t\t\t\t\t\tR\u00e9server\t\t\t\t\t\t<\/a>\n\t\t\t\t\t\n\t\t\t\t\t\t\t\t\t<\/div>\n\t\t\t\t\t<\/div>\n\n\t\t\t\t\t\t<\/div>\n\t\t\t\t<\/div>\n\t\t\t\t\t<\/div>\n\t\t\t\t<\/div>\n\t\t<div class=\"elementor-element elementor-element-57fcfa4 e-flex e-con-boxed e-con e-parent\" data-id=\"57fcfa4\" data-element_type=\"container\" data-e-type=\"container\">\n\t\t\t\t\t<div class=\"e-con-inner\">\n\t\t\t\t<div class=\"elementor-element elementor-element-7c1890f elementor-align-center elementor-widget elementor-widget-button\" data-id=\"7c1890f\" data-element_type=\"widget\" data-e-type=\"widget\" data-widget_type=\"button.default\">\n\t\t\t\t<div class=\"elementor-widget-container\">\n\t\t\t\t\t\t\t\t\t<div class=\"elementor-button-wrapper\">\n\t\t\t\t\t<a class=\"elementor-button elementor-button-link elementor-size-sm\" href=\"https:\/\/pinelodge.ottawavalleymedia.ca\/wp-content\/uploads\/2024\/05\/2022-Seasonal-Agreement-Cabins.pdf\" target=\"_blank\">\n\t\t\t\t\t\t<span class=\"elementor-button-content-wrapper\">\n\t\t\t\t\t\t\t\t\t<span class=\"elementor-button-text\">Accord saisonnier 2022 (cabines)<\/span>\n\t\t\t\t\t<\/span>\n\t\t\t\t\t<\/a>\n\t\t\t\t<\/div>\n\t\t\t\t\t\t\t\t<\/div>\n\t\t\t\t<\/div>\n\t\t\t\t<div class=\"elementor-element elementor-element-203a5af elementor-align-center elementor-widget elementor-widget-button\" data-id=\"203a5af\" data-element_type=\"widget\" data-e-type=\"widget\" data-widget_type=\"button.default\">\n\t\t\t\t<div class=\"elementor-widget-container\">\n\t\t\t\t\t\t\t\t\t<div class=\"elementor-button-wrapper\">\n\t\t\t\t\t<a class=\"elementor-button elementor-button-link elementor-size-sm\" href=\"https:\/\/pinelodge.ottawavalleymedia.ca\/wp-content\/uploads\/2024\/05\/2023-Seasonal-Agreement-Trailers.pdf\" target=\"_blank\">\n\t\t\t\t\t\t<span class=\"elementor-button-content-wrapper\">\n\t\t\t\t\t\t\t\t\t<span class=\"elementor-button-text\">Accord saisonnier 2023 (bande annonce)<\/span>\n\t\t\t\t\t<\/span>\n\t\t\t\t\t<\/a>\n\t\t\t\t<\/div>\n\t\t\t\t\t\t\t\t<\/div>\n\t\t\t\t<\/div>\n\t\t\t\t\t<\/div>\n\t\t\t\t<\/div>\n\t\t<div class=\"elementor-element elementor-element-2c2ca3b e-con-full e-flex e-con e-parent\" data-id=\"2c2ca3b\" data-element_type=\"container\" data-e-type=\"container\">\n\t\t\t\t<div class=\"elementor-element elementor-element-2e988ca elementor-widget__width-inherit elementor-widget elementor-widget-image\" data-id=\"2e988ca\" data-element_type=\"widget\" data-e-type=\"widget\" data-widget_type=\"image.default\">\n\t\t\t\t<div class=\"elementor-widget-container\">\n\t\t\t\t\t\t\t\t\t\t\t\t\t\t\t<img decoding=\"async\" width=\"1800\" height=\"1200\" src=\"https:\/\/pinelodge.ottawavalleymedia.ca\/wp-content\/uploads\/2024\/05\/BR528-2014_CLP7168.jpg\" class=\"attachment-full size-full wp-image-1109\" alt=\"\" srcset=\"https:\/\/pinelodge.ottawavalleymedia.ca\/wp-content\/uploads\/2024\/05\/BR528-2014_CLP7168.jpg 1800w, https:\/\/pinelodge.ottawavalleymedia.ca\/wp-content\/uploads\/2024\/05\/BR528-2014_CLP7168-300x200.jpg 300w, https:\/\/pinelodge.ottawavalleymedia.ca\/wp-content\/uploads\/2024\/05\/BR528-2014_CLP7168-1024x683.jpg 1024w, https:\/\/pinelodge.ottawavalleymedia.ca\/wp-content\/uploads\/2024\/05\/BR528-2014_CLP7168-768x512.jpg 768w, https:\/\/pinelodge.ottawavalleymedia.ca\/wp-content\/uploads\/2024\/05\/BR528-2014_CLP7168-1536x1024.jpg 1536w\" sizes=\"(max-width: 1800px) 100vw, 1800px\" \/>\t\t\t\t\t\t\t\t\t\t\t\t\t\t\t<\/div>\n\t\t\t\t<\/div>\n\t\t\t\t<\/div>\n\t\t\t\t<\/div>\n\t\t","protected":false},"excerpt":{"rendered":"<p>Terrain de camping saisonnier Notre terrain de camping offre 90 lots saisonniers avec service complet \u00a0\u00a0 D\u00e9tendez-vous avec vos amis et profitez de notre terrain de camping familial. Que vous souhaitiez vous asseoir et vous d\u00e9tendre sur votre site, que vous pr\u00e9f\u00e9riez obtenir un abonnement saisonnier au golf ou que vous profitiez de notre plage [&hellip;]<\/p>\n","protected":false},"author":1,"featured_media":0,"parent":0,"menu_order":0,"comment_status":"closed","ping_status":"closed","template":"","meta":{"footnotes":""},"class_list":["post-1678","page","type-page","status-publish","hentry"],"_links":{"self":[{"href":"https:\/\/pinelodge.ottawavalleymedia.ca\/fr\/wp-json\/wp\/v2\/pages\/1678","targetHints":{"allow":["GET"]}}],"collection":[{"href":"https:\/\/pinelodge.ottawavalleymedia.ca\/fr\/wp-json\/wp\/v2\/pages"}],"about":[{"href":"https:\/\/pinelodge.ottawavalleymedia.ca\/fr\/wp-json\/wp\/v2\/types\/page"}],"author":[{"embeddable":true,"href":"https:\/\/pinelodge.ottawavalleymedia.ca\/fr\/wp-json\/wp\/v2\/users\/1"}],"replies":[{"embeddable":true,"href":"https:\/\/pinelodge.ottawavalleymedia.ca\/fr\/wp-json\/wp\/v2\/comments?post=1678"}],"version-history":[{"count":31,"href":"https:\/\/pinelodge.ottawavalleymedia.ca\/fr\/wp-json\/wp\/v2\/pages\/1678\/revisions"}],"predecessor-version":[{"id":1712,"href":"https:\/\/pinelodge.ottawavalleymedia.ca\/fr\/wp-json\/wp\/v2\/pages\/1678\/revisions\/1712"}],"wp:attachment":[{"href":"https:\/\/pinelodge.ottawavalleymedia.ca\/fr\/wp-json\/wp\/v2\/media?parent=1678"}],"curies":[{"name":"wp","href":"https:\/\/api.w.org\/{rel}","templated":true}]}}