{"id":1664,"date":"2024-05-09T21:27:18","date_gmt":"2024-05-09T21:27:18","guid":{"rendered":"https:\/\/pinelodge.ottawavalleymedia.ca\/?page_id=1664"},"modified":"2024-06-07T08:41:32","modified_gmt":"2024-06-07T08:41:32","slug":"activites-dete","status":"publish","type":"page","link":"https:\/\/pinelodge.ottawavalleymedia.ca\/fr\/activites-dete","title":{"rendered":"Activit\u00e9s d&rsquo;\u00e9t\u00e9"},"content":{"rendered":"\t\t<div data-elementor-type=\"wp-page\" data-elementor-id=\"1664\" class=\"elementor elementor-1664 elementor-265\" data-elementor-post-type=\"page\">\n\t\t\t\t<div class=\"elementor-element elementor-element-a6ead11 e-con-full e-flex e-con e-parent\" data-id=\"a6ead11\" data-element_type=\"container\" data-e-type=\"container\">\n\t\t\t\t<div class=\"elementor-element elementor-element-239ee4d elementor-widget__width-inherit elementor-widget elementor-widget-image-carousel\" data-id=\"239ee4d\" data-element_type=\"widget\" data-e-type=\"widget\" data-settings=\"{&quot;navigation&quot;:&quot;none&quot;,&quot;lazyload&quot;:&quot;yes&quot;,&quot;autoplay&quot;:&quot;yes&quot;,&quot;pause_on_hover&quot;:&quot;yes&quot;,&quot;pause_on_interaction&quot;:&quot;yes&quot;,&quot;autoplay_speed&quot;:5000,&quot;infinite&quot;:&quot;yes&quot;,&quot;speed&quot;:500}\" data-widget_type=\"image-carousel.default\">\n\t\t\t\t<div class=\"elementor-widget-container\">\n\t\t\t\t\t\t\t<div class=\"elementor-image-carousel-wrapper swiper\" role=\"region\" aria-roledescription=\"carousel\" aria-label=\"Carrousel d\u2019images\" dir=\"ltr\">\n\t\t\t<div class=\"elementor-image-carousel swiper-wrapper swiper-image-stretch\" aria-live=\"off\">\n\t\t\t\t\t\t\t\t<div class=\"swiper-slide\" role=\"group\" aria-roledescription=\"slide\" aria-label=\"1 sur 8\"><figure class=\"swiper-slide-inner\"><img class=\"swiper-slide-image swiper-lazy\" data-src=\"https:\/\/pinelodge.ottawavalleymedia.ca\/wp-content\/uploads\/2024\/05\/PXL_20220515_153011066-scaled.jpg\" alt=\"PXL_20220515_153011066\" \/><div class=\"swiper-lazy-preloader\"><\/div><\/figure><\/div><div class=\"swiper-slide\" role=\"group\" aria-roledescription=\"slide\" aria-label=\"2 sur 8\"><figure class=\"swiper-slide-inner\"><img class=\"swiper-slide-image swiper-lazy\" data-src=\"https:\/\/pinelodge.ottawavalleymedia.ca\/wp-content\/uploads\/2024\/05\/BR845-2016_8102439_edited.jpg\" alt=\"BR845-2016_8102439_edited\" \/><div class=\"swiper-lazy-preloader\"><\/div><\/figure><\/div><div class=\"swiper-slide\" role=\"group\" aria-roledescription=\"slide\" aria-label=\"3 sur 8\"><figure class=\"swiper-slide-inner\"><img class=\"swiper-slide-image swiper-lazy\" data-src=\"https:\/\/pinelodge.ottawavalleymedia.ca\/wp-content\/uploads\/2024\/05\/BR845-2016_8102429_edited.jpg\" alt=\"BR845-2016_8102429_edited\" \/><div class=\"swiper-lazy-preloader\"><\/div><\/figure><\/div><div class=\"swiper-slide\" role=\"group\" aria-roledescription=\"slide\" aria-label=\"4 sur 8\"><figure class=\"swiper-slide-inner\"><img class=\"swiper-slide-image swiper-lazy\" data-src=\"https:\/\/pinelodge.ottawavalleymedia.ca\/wp-content\/uploads\/2024\/05\/BR643-2015_CLP1323-scaled.jpg\" alt=\"BR643-2015_CLP1323\" \/><div class=\"swiper-lazy-preloader\"><\/div><\/figure><\/div><div class=\"swiper-slide\" role=\"group\" aria-roledescription=\"slide\" aria-label=\"5 sur 8\"><figure class=\"swiper-slide-inner\"><img class=\"swiper-slide-image swiper-lazy\" data-src=\"https:\/\/pinelodge.ottawavalleymedia.ca\/wp-content\/uploads\/2024\/05\/BR845-2016_8102693-scaled.jpg\" alt=\"BR845-2016_8102693\" \/><div class=\"swiper-lazy-preloader\"><\/div><\/figure><\/div><div class=\"swiper-slide\" role=\"group\" aria-roledescription=\"slide\" aria-label=\"6 sur 8\"><figure class=\"swiper-slide-inner\"><img class=\"swiper-slide-image swiper-lazy\" data-src=\"https:\/\/pinelodge.ottawavalleymedia.ca\/wp-content\/uploads\/2024\/05\/BR899-2016_8106424-scaled.jpg\" alt=\"\" \/><div class=\"swiper-lazy-preloader\"><\/div><\/figure><\/div><div class=\"swiper-slide\" role=\"group\" aria-roledescription=\"slide\" aria-label=\"7 sur 8\"><figure class=\"swiper-slide-inner\"><img class=\"swiper-slide-image swiper-lazy\" data-src=\"https:\/\/pinelodge.ottawavalleymedia.ca\/wp-content\/uploads\/2024\/05\/BR643-2015_CLP1072-scaled.jpg\" alt=\"BR643-2015_CLP1072\" \/><div class=\"swiper-lazy-preloader\"><\/div><\/figure><\/div><div class=\"swiper-slide\" role=\"group\" aria-roledescription=\"slide\" aria-label=\"8 sur 8\"><figure class=\"swiper-slide-inner\"><img class=\"swiper-slide-image swiper-lazy\" data-src=\"https:\/\/pinelodge.ottawavalleymedia.ca\/wp-content\/uploads\/2024\/05\/BR528-2014_CLP7168-crop.jpg\" alt=\"BR528-2014_CLP7168-crop\" \/><div class=\"swiper-lazy-preloader\"><\/div><\/figure><\/div>\t\t\t<\/div>\n\t\t\t\t\t\t\t\n\t\t\t\t\t\t\t\t\t<\/div>\n\t\t\t\t\t\t<\/div>\n\t\t\t\t<\/div>\n\t\t\t\t<\/div>\n\t\t<div class=\"elementor-element elementor-element-b0c053c e-flex e-con-boxed e-con e-parent\" data-id=\"b0c053c\" data-element_type=\"container\" data-e-type=\"container\">\n\t\t\t\t\t<div class=\"e-con-inner\">\n\t\t\t\t<div class=\"elementor-element elementor-element-bd25d09 elementor-widget elementor-widget-heading\" data-id=\"bd25d09\" data-element_type=\"widget\" data-e-type=\"widget\" data-widget_type=\"heading.default\">\n\t\t\t\t<div class=\"elementor-widget-container\">\n\t\t\t\t\t<h1 class=\"elementor-heading-title elementor-size-default\">Printemps et \u00e9t\u00e9 \u00e0 Pine Lodge<\/h1>\t\t\t\t<\/div>\n\t\t\t\t<\/div>\n\t\t\t\t\t<\/div>\n\t\t\t\t<\/div>\n\t\t<div class=\"elementor-element elementor-element-4ba9ec9 e-flex e-con-boxed e-con e-parent\" data-id=\"4ba9ec9\" data-element_type=\"container\" data-e-type=\"container\">\n\t\t\t\t\t<div class=\"e-con-inner\">\n\t\t\t\t<div class=\"elementor-element elementor-element-2f82706 elementor-widget-divider--view-line elementor-widget elementor-widget-divider\" data-id=\"2f82706\" data-element_type=\"widget\" data-e-type=\"widget\" data-widget_type=\"divider.default\">\n\t\t\t\t<div class=\"elementor-widget-container\">\n\t\t\t\t\t\t\t<div class=\"elementor-divider\">\n\t\t\t<span class=\"elementor-divider-separator\">\n\t\t\t\t\t\t<\/span>\n\t\t<\/div>\n\t\t\t\t\t\t<\/div>\n\t\t\t\t<\/div>\n\t\t\t\t\t<\/div>\n\t\t\t\t<\/div>\n\t\t<div class=\"elementor-element elementor-element-0f6242e e-con-full e-flex e-con e-parent\" data-id=\"0f6242e\" data-element_type=\"container\" data-e-type=\"container\" data-settings=\"{&quot;background_background&quot;:&quot;classic&quot;}\">\n\t\t\t\t<div class=\"elementor-element elementor-element-3c72368 elementor-widget__width-initial elementor-widget elementor-widget-text-editor\" data-id=\"3c72368\" data-element_type=\"widget\" data-e-type=\"widget\" data-widget_type=\"text-editor.default\">\n\t\t\t\t<div class=\"elementor-widget-container\">\n\t\t\t\t\t\t\t\t\t<p class=\"font_7 wixui-rich-text__text\" style=\"text-align: center;\"><span class=\"wixui-rich-text__text\">Venez profiter du printemps et des journ\u00e9es chaudes et ensoleill\u00e9es de l&rsquo;\u00e9t\u00e9 au Pine Lodge.<\/span><\/p><p class=\"font_7 wixui-rich-text__text\" style=\"text-align: center;\"><span class=\"wixui-rich-text__text\">Les activit\u00e9s comprennent<\/span><\/p><p style=\"text-align: center;\"><span class=\"wixui-rich-text__text\">Sentiers de randonn\u00e9e<br \/><\/span><span class=\"wixui-rich-text__text\">Location de v\u00e9los<br \/><\/span><span class=\"wixui-rich-text__text\">Acc\u00e8s \u00e0 la rivi\u00e8re des Outaouais<br \/><\/span><span class=\"wixui-rich-text__text\">Chaussures<br \/><\/span><span class=\"wixui-rich-text__\">Balles de volley-ball de plage<br \/><\/span>Kayak<br \/>Ballon d&rsquo;attache<br \/>Plateau d&rsquo;\u00e9claboussures<\/p>\t\t\t\t\t\t\t\t<\/div>\n\t\t\t\t<\/div>\n\t\t\t\t<div class=\"elementor-element elementor-element-a368add elementor-align-center elementor-widget__width-initial elementor-widget elementor-widget-button\" data-id=\"a368add\" data-element_type=\"widget\" data-e-type=\"widget\" data-widget_type=\"button.default\">\n\t\t\t\t<div class=\"elementor-widget-container\">\n\t\t\t\t\t\t\t\t\t<div class=\"elementor-button-wrapper\">\n\t\t\t\t\t<a class=\"elementor-button elementor-button-link elementor-size-sm\" href=\"https:\/\/pinelodge.ottawavalleymedia.ca\/our-history\/\">\n\t\t\t\t\t\t<span class=\"elementor-button-content-wrapper\">\n\t\t\t\t\t\t\t\t\t<span class=\"elementor-button-text\">Achetez votre carte journali\u00e8re<\/span>\n\t\t\t\t\t<\/span>\n\t\t\t\t\t<\/a>\n\t\t\t\t<\/div>\n\t\t\t\t\t\t\t\t<\/div>\n\t\t\t\t<\/div>\n\t\t\t\t<div class=\"elementor-element elementor-element-5c503e8 elementor-widget__width-initial elementor-widget elementor-widget-text-editor\" data-id=\"5c503e8\" data-element_type=\"widget\" data-e-type=\"widget\" data-widget_type=\"text-editor.default\">\n\t\t\t\t<div class=\"elementor-widget-container\">\n\t\t\t\t\t\t\t\t\t<p style=\"text-align: center;\"><span class=\"wixui-rich-text__text\">\u00c9v\u00e9nements pr\u00e9vus pour<\/span><span class=\"wixui-rich-text__text\"> 2024<\/span><\/p>\t\t\t\t\t\t\t\t<\/div>\n\t\t\t\t<\/div>\n\t\t<div class=\"elementor-element elementor-element-86e5f16 e-con-full e-flex e-con e-child\" data-id=\"86e5f16\" data-element_type=\"container\" data-e-type=\"container\" data-settings=\"{&quot;background_background&quot;:&quot;classic&quot;}\">\n\t\t\t\t<div class=\"elementor-element elementor-element-040d1aa elementor-widget elementor-widget-image\" data-id=\"040d1aa\" data-element_type=\"widget\" data-e-type=\"widget\" data-widget_type=\"image.default\">\n\t\t\t\t<div class=\"elementor-widget-container\">\n\t\t\t\t\t\t\t\t\t\t\t\t\t\t\t<img decoding=\"async\" width=\"150\" height=\"150\" src=\"https:\/\/pinelodge.ottawavalleymedia.ca\/wp-content\/uploads\/2024\/05\/Canada-Day-Fireworks-150x150.jpg\" class=\"attachment-thumbnail size-thumbnail wp-image-1485\" alt=\"\" \/>\t\t\t\t\t\t\t\t\t\t\t\t\t\t\t<\/div>\n\t\t\t\t<\/div>\n\t\t\t\t<div class=\"elementor-element elementor-element-5d35f27 elementor-widget elementor-widget-image\" data-id=\"5d35f27\" data-element_type=\"widget\" data-e-type=\"widget\" data-widget_type=\"image.default\">\n\t\t\t\t<div class=\"elementor-widget-container\">\n\t\t\t\t\t\t\t\t\t\t\t\t\t\t\t<img decoding=\"async\" width=\"150\" height=\"150\" src=\"https:\/\/pinelodge.ottawavalleymedia.ca\/wp-content\/uploads\/2024\/05\/backyard-bbq-150x150.jpeg\" class=\"attachment-thumbnail size-thumbnail wp-image-1486\" alt=\"\" \/>\t\t\t\t\t\t\t\t\t\t\t\t\t\t\t<\/div>\n\t\t\t\t<\/div>\n\t\t\t\t<div class=\"elementor-element elementor-element-2124619 elementor-widget elementor-widget-image\" data-id=\"2124619\" data-element_type=\"widget\" data-e-type=\"widget\" data-widget_type=\"image.default\">\n\t\t\t\t<div class=\"elementor-widget-container\">\n\t\t\t\t\t\t\t\t\t\t\t\t\t\t\t<img decoding=\"async\" width=\"137\" height=\"137\" src=\"https:\/\/pinelodge.ottawavalleymedia.ca\/wp-content\/uploads\/2024\/05\/Casino-Night-Icon.webp\" class=\"attachment-thumbnail size-thumbnail wp-image-1509\" alt=\"\" \/>\t\t\t\t\t\t\t\t\t\t\t\t\t\t\t<\/div>\n\t\t\t\t<\/div>\n\t\t\t\t<div class=\"elementor-element elementor-element-3a13507 elementor-widget elementor-widget-image\" data-id=\"3a13507\" data-element_type=\"widget\" data-e-type=\"widget\" data-widget_type=\"image.default\">\n\t\t\t\t<div class=\"elementor-widget-container\">\n\t\t\t\t\t\t\t\t\t\t\t\t\t\t\t<img loading=\"lazy\" decoding=\"async\" width=\"150\" height=\"150\" src=\"https:\/\/pinelodge.ottawavalleymedia.ca\/wp-content\/uploads\/2024\/05\/Ball-rolling-into-the-hole-150x150.jpeg\" class=\"attachment-thumbnail size-thumbnail wp-image-1487\" alt=\"\" \/>\t\t\t\t\t\t\t\t\t\t\t\t\t\t\t<\/div>\n\t\t\t\t<\/div>\n\t\t\t\t<\/div>\n\t\t\t\t<\/div>\n\t\t\t\t<\/div>\n\t\t","protected":false},"excerpt":{"rendered":"<p>Printemps et \u00e9t\u00e9 \u00e0 Pine Lodge Venez profiter du printemps et des journ\u00e9es chaudes et ensoleill\u00e9es de l&rsquo;\u00e9t\u00e9 au Pine Lodge. Les activit\u00e9s comprennent Sentiers de randonn\u00e9eLocation de v\u00e9losAcc\u00e8s \u00e0 la rivi\u00e8re des OutaouaisChaussuresBalles de volley-ball de plageKayakBallon d&rsquo;attachePlateau d&rsquo;\u00e9claboussures Achetez votre carte journali\u00e8re \u00c9v\u00e9nements pr\u00e9vus pour 2024<\/p>\n","protected":false},"author":1,"featured_media":0,"parent":0,"menu_order":0,"comment_status":"closed","ping_status":"closed","template":"","meta":{"footnotes":""},"class_list":["post-1664","page","type-page","status-publish","hentry"],"_links":{"self":[{"href":"https:\/\/pinelodge.ottawavalleymedia.ca\/fr\/wp-json\/wp\/v2\/pages\/1664","targetHints":{"allow":["GET"]}}],"collection":[{"href":"https:\/\/pinelodge.ottawavalleymedia.ca\/fr\/wp-json\/wp\/v2\/pages"}],"about":[{"href":"https:\/\/pinelodge.ottawavalleymedia.ca\/fr\/wp-json\/wp\/v2\/types\/page"}],"author":[{"embeddable":true,"href":"https:\/\/pinelodge.ottawavalleymedia.ca\/fr\/wp-json\/wp\/v2\/users\/1"}],"replies":[{"embeddable":true,"href":"https:\/\/pinelodge.ottawavalleymedia.ca\/fr\/wp-json\/wp\/v2\/comments?post=1664"}],"version-history":[{"count":13,"href":"https:\/\/pinelodge.ottawavalleymedia.ca\/fr\/wp-json\/wp\/v2\/pages\/1664\/revisions"}],"predecessor-version":[{"id":1677,"href":"https:\/\/pinelodge.ottawavalleymedia.ca\/fr\/wp-json\/wp\/v2\/pages\/1664\/revisions\/1677"}],"wp:attachment":[{"href":"https:\/\/pinelodge.ottawavalleymedia.ca\/fr\/wp-json\/wp\/v2\/media?parent=1664"}],"curies":[{"name":"wp","href":"https:\/\/api.w.org\/{rel}","templated":true}]}}