{"id":1511,"date":"2024-05-09T21:24:14","date_gmt":"2024-05-09T21:24:14","guid":{"rendered":"https:\/\/pinelodge.ottawavalleymedia.ca\/?page_id=1511"},"modified":"2024-06-06T21:10:56","modified_gmt":"2024-06-06T21:10:56","slug":"logements","status":"publish","type":"page","link":"https:\/\/pinelodge.ottawavalleymedia.ca\/fr\/logements","title":{"rendered":"Logements"},"content":{"rendered":"\t\t<div data-elementor-type=\"wp-page\" data-elementor-id=\"1511\" class=\"elementor elementor-1511 elementor-183\" data-elementor-post-type=\"page\">\n\t\t\t\t<div class=\"elementor-element elementor-element-ff04692 e-con-full e-flex e-con e-parent\" data-id=\"ff04692\" data-element_type=\"container\" data-e-type=\"container\">\n\t\t\t\t<div class=\"elementor-element elementor-element-6b61db5 elementor-widget__width-inherit elementor-widget elementor-widget-image\" data-id=\"6b61db5\" data-element_type=\"widget\" data-e-type=\"widget\" data-widget_type=\"image.default\">\n\t\t\t\t<div class=\"elementor-widget-container\">\n\t\t\t\t\t\t\t\t\t\t\t\t\t\t\t<img fetchpriority=\"high\" decoding=\"async\" width=\"2560\" height=\"1709\" src=\"https:\/\/pinelodge.ottawavalleymedia.ca\/wp-content\/uploads\/2024\/05\/BR899-2016_8106543-scaled.jpg\" class=\"attachment-full size-full wp-image-1120\" alt=\"\" srcset=\"https:\/\/pinelodge.ottawavalleymedia.ca\/wp-content\/uploads\/2024\/05\/BR899-2016_8106543-scaled.jpg 2560w, https:\/\/pinelodge.ottawavalleymedia.ca\/wp-content\/uploads\/2024\/05\/BR899-2016_8106543-300x200.jpg 300w, https:\/\/pinelodge.ottawavalleymedia.ca\/wp-content\/uploads\/2024\/05\/BR899-2016_8106543-1024x683.jpg 1024w, https:\/\/pinelodge.ottawavalleymedia.ca\/wp-content\/uploads\/2024\/05\/BR899-2016_8106543-768x513.jpg 768w, https:\/\/pinelodge.ottawavalleymedia.ca\/wp-content\/uploads\/2024\/05\/BR899-2016_8106543-1536x1025.jpg 1536w, https:\/\/pinelodge.ottawavalleymedia.ca\/wp-content\/uploads\/2024\/05\/BR899-2016_8106543-2048x1367.jpg 2048w\" sizes=\"(max-width: 2560px) 100vw, 2560px\" \/>\t\t\t\t\t\t\t\t\t\t\t\t\t\t\t<\/div>\n\t\t\t\t<\/div>\n\t\t\t\t<\/div>\n\t\t<div class=\"elementor-element elementor-element-47dc448 e-flex e-con-boxed e-con e-parent\" data-id=\"47dc448\" data-element_type=\"container\" data-e-type=\"container\">\n\t\t\t\t\t<div class=\"e-con-inner\">\n\t\t\t\t<div class=\"elementor-element elementor-element-ad0f3ad elementor-widget elementor-widget-heading\" data-id=\"ad0f3ad\" data-element_type=\"widget\" data-e-type=\"widget\" data-widget_type=\"heading.default\">\n\t\t\t\t<div class=\"elementor-widget-container\">\n\t\t\t\t\t<h1 class=\"elementor-heading-title elementor-size-default\">Logements<\/h1>\t\t\t\t<\/div>\n\t\t\t\t<\/div>\n\t\t\t\t<div class=\"elementor-element elementor-element-74daf8b elementor-align-center elementor-widget elementor-widget-button\" data-id=\"74daf8b\" data-element_type=\"widget\" data-e-type=\"widget\" data-widget_type=\"button.default\">\n\t\t\t\t<div class=\"elementor-widget-container\">\n\t\t\t\t\t\t\t\t\t<div class=\"elementor-button-wrapper\">\n\t\t\t\t\t<a class=\"elementor-button elementor-button-link elementor-size-sm\" href=\"https:\/\/app.littlehotelier.com\/properties\/pinelodgedirect?currency=CAD&#038;check_in_date=2023-02-26&#038;check_out_date=2023-02-27&#038;locale=en&#038;number_adults=2&#038;number_children=0\">\n\t\t\t\t\t\t<span class=\"elementor-button-content-wrapper\">\n\t\t\t\t\t\t\t\t\t<span class=\"elementor-button-text\">R\u00e9server<\/span>\n\t\t\t\t\t<\/span>\n\t\t\t\t\t<\/a>\n\t\t\t\t<\/div>\n\t\t\t\t\t\t\t\t<\/div>\n\t\t\t\t<\/div>\n\t\t<div class=\"elementor-element elementor-element-57c054a e-flex e-con-boxed e-con e-child\" data-id=\"57c054a\" data-element_type=\"container\" data-e-type=\"container\">\n\t\t\t\t\t<div class=\"e-con-inner\">\n\t\t\t\t<div class=\"elementor-element elementor-element-3750216 elementor-widget elementor-widget-heading\" data-id=\"3750216\" data-element_type=\"widget\" data-e-type=\"widget\" data-widget_type=\"heading.default\">\n\t\t\t\t<div class=\"elementor-widget-container\">\n\t\t\t\t\t<h2 class=\"elementor-heading-title elementor-size-default\">Nous proposons \u00e0 nos h\u00f4tes une escapade simple et charmante.<\/h2>\t\t\t\t<\/div>\n\t\t\t\t<\/div>\n\t\t\t\t\t<\/div>\n\t\t\t\t<\/div>\n\t\t\t\t\t<\/div>\n\t\t\t\t<\/div>\n\t\t<div class=\"elementor-element elementor-element-264244e e-flex e-con-boxed e-con e-parent\" data-id=\"264244e\" data-element_type=\"container\" data-e-type=\"container\">\n\t\t\t\t\t<div class=\"e-con-inner\">\n\t\t<div class=\"elementor-element elementor-element-b848248 e-con-full e-flex e-con e-child\" data-id=\"b848248\" data-element_type=\"container\" data-e-type=\"container\">\n\t\t\t\t<div class=\"elementor-element elementor-element-91b3401 elementor-widget elementor-widget-image\" data-id=\"91b3401\" data-element_type=\"widget\" data-e-type=\"widget\" data-widget_type=\"image.default\">\n\t\t\t\t<div class=\"elementor-widget-container\">\n\t\t\t\t\t\t\t\t\t\t\t\t\t\t\t<img decoding=\"async\" width=\"1709\" height=\"2560\" src=\"https:\/\/pinelodge.ottawavalleymedia.ca\/wp-content\/uploads\/2024\/05\/BR899-2016_8106545-scaled.jpg\" class=\"attachment-full size-full wp-image-1117\" alt=\"\" srcset=\"https:\/\/pinelodge.ottawavalleymedia.ca\/wp-content\/uploads\/2024\/05\/BR899-2016_8106545-scaled.jpg 1709w, https:\/\/pinelodge.ottawavalleymedia.ca\/wp-content\/uploads\/2024\/05\/BR899-2016_8106545-200x300.jpg 200w, https:\/\/pinelodge.ottawavalleymedia.ca\/wp-content\/uploads\/2024\/05\/BR899-2016_8106545-683x1024.jpg 683w, https:\/\/pinelodge.ottawavalleymedia.ca\/wp-content\/uploads\/2024\/05\/BR899-2016_8106545-768x1151.jpg 768w, https:\/\/pinelodge.ottawavalleymedia.ca\/wp-content\/uploads\/2024\/05\/BR899-2016_8106545-1025x1536.jpg 1025w, https:\/\/pinelodge.ottawavalleymedia.ca\/wp-content\/uploads\/2024\/05\/BR899-2016_8106545-1367x2048.jpg 1367w\" sizes=\"(max-width: 1709px) 100vw, 1709px\" \/>\t\t\t\t\t\t\t\t\t\t\t\t\t\t\t<\/div>\n\t\t\t\t<\/div>\n\t\t\t\t<\/div>\n\t\t<div class=\"elementor-element elementor-element-4993b8c e-con-full e-flex e-con e-child\" data-id=\"4993b8c\" data-element_type=\"container\" data-e-type=\"container\">\n\t\t\t\t<div class=\"elementor-element elementor-element-6446737 elementor-widget elementor-widget-heading\" data-id=\"6446737\" data-element_type=\"widget\" data-e-type=\"widget\" data-widget_type=\"heading.default\">\n\t\t\t\t<div class=\"elementor-widget-container\">\n\t\t\t\t\t<h2 class=\"elementor-heading-title elementor-size-default\">La Loge<\/h2>\t\t\t\t<\/div>\n\t\t\t\t<\/div>\n\t\t\t\t<div class=\"elementor-element elementor-element-51ae2ef elementor-widget elementor-widget-text-editor\" data-id=\"51ae2ef\" data-element_type=\"widget\" data-e-type=\"widget\" data-widget_type=\"text-editor.default\">\n\t\t\t\t<div class=\"elementor-widget-container\">\n\t\t\t\t\t\t\t\t\t<p class=\"font_7 wixui-rich-text__text\"><span class=\"wixui-rich-text__text\">Nos chambres de style 1930 offrent \u00e0 nos h\u00f4tes une merveilleuse occasion de se d\u00e9tendre et de profiter d&rsquo;une \u00e9poque plus simple. Propres et charmantes, nos chambres ont conserv\u00e9 la simplicit\u00e9 d&rsquo;une \u00e9poque depuis longtemps r\u00e9volue.<\/span><\/p><p class=\"font_7 wixui-rich-text__text\"><span class=\"wixui-rich-text__text\">Toutes les chambres disposent d&rsquo;un grand lit double et toutes, \u00e0 l&rsquo;exception de la suite, ont des toilettes communes.<\/span><\/p>\t\t\t\t\t\t\t\t<\/div>\n\t\t\t\t<\/div>\n\t\t\t\t<\/div>\n\t\t\t\t\t<\/div>\n\t\t\t\t<\/div>\n\t\t\t\t<\/div>\n\t\t","protected":false},"excerpt":{"rendered":"<p>Logements R\u00e9server Nous proposons \u00e0 nos h\u00f4tes une escapade simple et charmante. La Loge Nos chambres de style 1930 offrent \u00e0 nos h\u00f4tes une merveilleuse occasion de se d\u00e9tendre et de profiter d&rsquo;une \u00e9poque plus simple. Propres et charmantes, nos chambres ont conserv\u00e9 la simplicit\u00e9 d&rsquo;une \u00e9poque depuis longtemps r\u00e9volue. Toutes les chambres disposent d&rsquo;un [&hellip;]<\/p>\n","protected":false},"author":1,"featured_media":1120,"parent":0,"menu_order":0,"comment_status":"closed","ping_status":"closed","template":"","meta":{"footnotes":""},"class_list":["post-1511","page","type-page","status-publish","has-post-thumbnail","hentry"],"_links":{"self":[{"href":"https:\/\/pinelodge.ottawavalleymedia.ca\/fr\/wp-json\/wp\/v2\/pages\/1511","targetHints":{"allow":["GET"]}}],"collection":[{"href":"https:\/\/pinelodge.ottawavalleymedia.ca\/fr\/wp-json\/wp\/v2\/pages"}],"about":[{"href":"https:\/\/pinelodge.ottawavalleymedia.ca\/fr\/wp-json\/wp\/v2\/types\/page"}],"author":[{"embeddable":true,"href":"https:\/\/pinelodge.ottawavalleymedia.ca\/fr\/wp-json\/wp\/v2\/users\/1"}],"replies":[{"embeddable":true,"href":"https:\/\/pinelodge.ottawavalleymedia.ca\/fr\/wp-json\/wp\/v2\/comments?post=1511"}],"version-history":[{"count":13,"href":"https:\/\/pinelodge.ottawavalleymedia.ca\/fr\/wp-json\/wp\/v2\/pages\/1511\/revisions"}],"predecessor-version":[{"id":1524,"href":"https:\/\/pinelodge.ottawavalleymedia.ca\/fr\/wp-json\/wp\/v2\/pages\/1511\/revisions\/1524"}],"wp:featuredmedia":[{"embeddable":true,"href":"https:\/\/pinelodge.ottawavalleymedia.ca\/fr\/wp-json\/wp\/v2\/media\/1120"}],"wp:attachment":[{"href":"https:\/\/pinelodge.ottawavalleymedia.ca\/fr\/wp-json\/wp\/v2\/media?parent=1511"}],"curies":[{"name":"wp","href":"https:\/\/api.w.org\/{rel}","templated":true}]}}